{"id":6,"date":"2024-11-04T10:20:50","date_gmt":"2024-11-04T10:20:50","guid":{"rendered":"https:\/\/annakarjalainen.mediasaari.fi\/?page_id=6"},"modified":"2025-05-22T08:18:01","modified_gmt":"2025-05-22T08:18:01","slug":"front-page","status":"publish","type":"page","link":"https:\/\/annakarjalainen.mediasaari.fi\/","title":{"rendered":""},"content":{"rendered":"\n<div class=\"wp-block-group alignfull has-accent-4-background-color has-background is-vertical is-content-justification-center is-nowrap is-layout-flex wp-container-core-group-is-layout-ddd19b56 wp-block-group-is-layout-flex\" style=\"min-height:100vh;margin-top:0;margin-bottom:0;padding-top:var(--wp--preset--spacing--50);padding-right:var(--wp--preset--spacing--50);padding-bottom:var(--wp--preset--spacing--50);padding-left:var(--wp--preset--spacing--50)\">\n<div class=\"wp-block-columns alignwide is-layout-flex wp-container-core-columns-is-layout-30f78326 wp-block-columns-is-layout-flex\">\n<div class=\"wp-block-column is-vertically-aligned-bottom is-layout-flow wp-block-column-is-layout-flow\" style=\"flex-basis:40%\">\n<div class=\"wp-block-group\" style=\"min-height:100%;margin-top:0;margin-bottom:0;padding-right:0;padding-left:0\"><div class=\"wp-block-group__inner-container is-layout-flow wp-block-group-is-layout-flow\">\n<h1 class=\"wp-block-heading has-text-align-right\" style=\"margin-right:0;margin-left:calc( var(--wp--preset--spacing--20) * -1);font-size:12rem;line-height:1;writing-mode:vertical-rl\">Anna<\/h1>\n<\/div><\/div>\n<\/div>\n\n\n\n<div class=\"wp-block-column is-vertically-aligned-top is-layout-flow wp-block-column-is-layout-flow\" style=\"flex-basis:60%\">\n<figure class=\"wp-block-image size-large is-style-rounded\"><img loading=\"lazy\" decoding=\"async\" width=\"1024\" height=\"811\" src=\"https:\/\/annakarjalainen.mediasaari.fi\/wp-content\/uploads\/2025\/05\/Anna-Portfolio-etusivu-2-1024x811.jpg\" alt=\"\" class=\"wp-image-222\" style=\"aspect-ratio:3\/4;object-fit:cover\" srcset=\"https:\/\/annakarjalainen.mediasaari.fi\/wp-content\/uploads\/2025\/05\/Anna-Portfolio-etusivu-2-1024x811.jpg 1024w, https:\/\/annakarjalainen.mediasaari.fi\/wp-content\/uploads\/2025\/05\/Anna-Portfolio-etusivu-2-300x238.jpg 300w, https:\/\/annakarjalainen.mediasaari.fi\/wp-content\/uploads\/2025\/05\/Anna-Portfolio-etusivu-2-768x609.jpg 768w, https:\/\/annakarjalainen.mediasaari.fi\/wp-content\/uploads\/2025\/05\/Anna-Portfolio-etusivu-2.jpg 1363w\" sizes=\"auto, (max-width: 1024px) 100vw, 1024px\" \/><\/figure>\n<\/div>\n<\/div>\n<\/div>\n\n\n\n<p class=\"wp-container-content-0733e5d0\">Moi!<\/p>\n\n\n\n<p>Olen Anna Karjalainen 20-vuotias media-alan opiskelija Oulusta.<\/p>\n\n\n\n<p>(Keskener\u00e4isilt\u00e4) sivuiltani voit n\u00e4hd\u00e4 viimeisimpi\u00e4 t\u00f6it\u00e4ni koulusta sek\u00e4 vapaa-ajalta!<\/p>\n\n\n\n<p>Tervetuloa!<\/p>\n","protected":false},"excerpt":{"rendered":"<p>Anna Moi! Olen Anna Karjalainen 20-vuotias media-alan opiskelija Oulusta. (Keskener\u00e4isilt\u00e4) sivuiltani voit n\u00e4hd\u00e4 viimeisimpi\u00e4 t\u00f6it\u00e4ni koulusta sek\u00e4 vapaa-ajalta! Tervetuloa!<\/p>\n","protected":false},"author":1,"featured_media":0,"parent":0,"menu_order":0,"comment_status":"closed","ping_status":"closed","template":"","meta":{"footnotes":""},"class_list":["post-6","page","type-page","status-publish","hentry"],"_links":{"self":[{"href":"https:\/\/annakarjalainen.mediasaari.fi\/index.php\/wp-json\/wp\/v2\/pages\/6","targetHints":{"allow":["GET"]}}],"collection":[{"href":"https:\/\/annakarjalainen.mediasaari.fi\/index.php\/wp-json\/wp\/v2\/pages"}],"about":[{"href":"https:\/\/annakarjalainen.mediasaari.fi\/index.php\/wp-json\/wp\/v2\/types\/page"}],"author":[{"embeddable":true,"href":"https:\/\/annakarjalainen.mediasaari.fi\/index.php\/wp-json\/wp\/v2\/users\/1"}],"replies":[{"embeddable":true,"href":"https:\/\/annakarjalainen.mediasaari.fi\/index.php\/wp-json\/wp\/v2\/comments?post=6"}],"version-history":[{"count":10,"href":"https:\/\/annakarjalainen.mediasaari.fi\/index.php\/wp-json\/wp\/v2\/pages\/6\/revisions"}],"predecessor-version":[{"id":224,"href":"https:\/\/annakarjalainen.mediasaari.fi\/index.php\/wp-json\/wp\/v2\/pages\/6\/revisions\/224"}],"wp:attachment":[{"href":"https:\/\/annakarjalainen.mediasaari.fi\/index.php\/wp-json\/wp\/v2\/media?parent=6"}],"curies":[{"name":"wp","href":"https:\/\/api.w.org\/{rel}","templated":true}]}}